{"id":432,"date":"2022-12-21T11:23:31","date_gmt":"2022-12-21T10:23:31","guid":{"rendered":"https:\/\/techpdev.wpengine.com\/?page_id=432"},"modified":"2026-01-27T12:48:20","modified_gmt":"2026-01-27T11:48:20","slug":"contact","status":"publish","type":"page","link":"https:\/\/techpointconference.no\/en\/contact\/","title":{"rendered":"Contact"},"content":{"rendered":"<h2>Leadership and Board<\/h2>\n<ul>\n<li>\n<p>        <img decoding=\"async\" src=\"\/en\/wp-content\/uploads\/2023\/01\/Frode-T-Ugland_Techpoint-3.jpeg\" alt=\"\"><\/p>\n<h4>Frode T. Ugland<\/h4>\n<p>CEO, Techpoint<\/p>\n<div>\n<div><a href=\"mailto: frode.ugland@egde.no\" target=\"_blank\" rel=\"noopener\">Send e-post<\/a><\/div>\n<div><a class=\"uk-link-muted uk-text-middle\" title=\"Ring\" href=\"tel:+4748032280\">+47 480 32 280 <\/a><\/div>\n<\/div>\n<\/li>\n<li>\n<p>        <img decoding=\"async\" src=\"\/en\/wp-content\/uploads\/2023\/01\/Profilbilde.jpg\" alt=\"\"><\/p>\n<h4>May Snemyr Falkgjerdet<\/h4>\n<p>Branch Manager, DNB<\/p>\n<\/li>\n<li>\n<p>        <img decoding=\"async\" src=\"\/en\/wp-content\/uploads\/2023\/02\/LOS_portrett_Margit_victorianevland.no07_crop_afuywe-e1677584783643.jpg\" alt=\"\"><\/p>\n<h4>Margit Unander<\/h4>\n<p>EVP Public Relations, \u00c5 Energi<\/p>\n<\/li>\n<li>\n<p>        <img decoding=\"async\" src=\"\/en\/wp-content\/uploads\/2023\/01\/2ba95545-383b-4c2a-8af5-cf42b4c1e285-e1659442766587.jpeg\" alt=\"\"><\/p>\n<h4>J\u00f8ran B\u00f8ch<\/h4>\n<p>CEO, Egde Consulting<\/p>\n<\/li>\n<li>\n<p>        <img decoding=\"async\" src=\"\/en\/wp-content\/uploads\/2023\/01\/Randi.png\" alt=\"\"><\/p>\n<h4>Randi Granvold<\/h4>\n<p>CEO, Strommes24 \/ Chair Techpoint<\/p>\n<div>\n<div><a href=\"mailto:randi.granvold@tofte.no\" target=\"_blank\" rel=\"noopener\">Send e-post<\/a><\/div>\n<\/div>\n<\/li>\n<li>\n<p>        <img decoding=\"async\" src=\"\/en\/wp-content\/uploads\/sites\/2\/2025\/10\/anita-e1b700d8.jpeg\" alt=\"\"><\/p>\n<h4>Anita Karlsen<\/h4>\n<p>NUC Director, Noroff University College<\/p>\n<\/li>\n<\/ul>\n<p><!--more--><br \/>\n<!-- {\"type\":\"layout\",\"children\":[{\"type\":\"section\",\"props\":{\"image\":\"\",\"image_position\":\"center-center\",\"image_width\":\"1680\",\"style\":\"secondary\",\"title_breakpoint\":\"xl\",\"title_position\":\"top-left\",\"title_rotation\":\"left\",\"vertical_align\":\"middle\",\"width\":\"default\"},\"children\":[{\"type\":\"row\",\"children\":[{\"type\":\"column\",\"props\":{\"image\":\"\",\"image_position\":\"center-center\",\"image_size\":\"contain\",\"image_width\":\"1000\",\"media_overlay_gradient\":\"\",\"position_sticky_breakpoint\":\"m\"},\"children\":[{\"type\":\"headline\",\"props\":{\"content\":\"Leadership and Board\",\"text_align\":\"center\",\"title_element\":\"h2\"}}]}]},{\"type\":\"row\",\"children\":[{\"type\":\"column\",\"props\":{\"image_position\":\"center-center\",\"media_overlay_gradient\":\"\",\"position_sticky_breakpoint\":\"m\"},\"children\":[{\"type\":\"grid\",\"props\":{\"content_column_breakpoint\":\"m\",\"content_style\":\"text-small\",\"filter_align\":\"left\",\"filter_all\":true,\"filter_grid_breakpoint\":\"m\",\"filter_grid_width\":\"auto\",\"filter_position\":\"top\",\"filter_style\":\"tab\",\"grid_column_align\":true,\"grid_column_gap\":\"medium\",\"grid_default\":\"2\",\"grid_medium\":\"3\",\"grid_row_align\":false,\"grid_row_gap\":\"medium\",\"grid_small\":\"2\",\"icon_width\":80,\"image_align\":\"top\",\"image_grid_breakpoint\":\"m\",\"image_grid_width\":\"1-2\",\"image_height\":\"800\",\"image_svg_color\":\"emphasis\",\"image_width\":\"660\",\"item_animation\":true,\"link_size\":\"small\",\"link_style\":\"default\",\"link_text\":\"Read more\",\"margin\":\"default\",\"meta_align\":\"below-title\",\"meta_element\":\"div\",\"meta_style\":\"text-small\",\"panel_image_no_padding\":true,\"panel_padding\":\"\",\"show_content\":true,\"show_image\":true,\"show_link\":true,\"show_meta\":true,\"show_title\":true,\"text_align\":\"center\",\"title_align\":\"top\",\"title_element\":\"h4\",\"title_grid_breakpoint\":\"m\",\"title_grid_width\":\"1-2\",\"title_hover_style\":\"reset\"},\"children\":[{\"type\":\"grid_item\",\"props\":{\"content\":\"\n\n<div><a href=\\\"mailto: frode.ugland@egde.no\\\" target=\\\"_blank\\\" rel=\\\"noopener\\\">Send e-post<\\\/a><\\\/div>\\n\n\n<div><a class=\\\"uk-link-muted uk-text-middle\\\" title=\\\"Ring\\\" href=\\\"tel:+4748032280\\\">+47 480 32 280 <\\\/a><\\\/div>\",\"image\":\"wp-content\\\/uploads\\\/2023\\\/01\\\/Frode-T-Ugland_Techpoint-3.jpeg\",\"meta\":\"CEO, Techpoint\",\"title\":\"Frode T. Ugland\"}},{\"type\":\"grid_item\",\"props\":{\"content\":\"\",\"image\":\"wp-content\\\/uploads\\\/2023\\\/01\\\/Profilbilde.jpg\",\"meta\":\"Branch Manager, DNB\",\"title\":\"May Snemyr Falkgjerdet\"}},{\"type\":\"grid_item\",\"props\":{\"content\":\"\",\"image\":\"wp-content\\\/uploads\\\/2023\\\/02\\\/LOS_portrett_Margit_victorianevland.no07_crop_afuywe-e1677584783643.jpg\",\"meta\":\"EVP Public Relations, \\u00c5 Energi\",\"title\":\"Margit Unander\"}},{\"type\":\"grid_item\",\"props\":{\"content\":\"\",\"image\":\"wp-content\\\/uploads\\\/2023\\\/01\\\/2ba95545-383b-4c2a-8af5-cf42b4c1e285-e1659442766587.jpeg\",\"meta\":\"CEO, Egde Consulting\",\"title\":\"J\\u00f8ran B\\u00f8ch\"}},{\"type\":\"grid_item\",\"props\":{\"content\":\"\n\n<div><a href=\\\"mailto:randi.granvold@tofte.no\\\" target=\\\"_blank\\\" rel=\\\"noopener\\\">Send e-post<\\\/a><\\\/div>\",\"image\":\"wp-content\\\/uploads\\\/2023\\\/01\\\/Randi.png\",\"meta\":\"CEO, Strommes24 \\\/ Chair Techpoint\",\"title\":\"Randi Granvold\"}},{\"type\":\"grid_item\",\"props\":{\"content\":\"\",\"image\":\"wp-content\\\/uploads\\\/sites\\\/2\\\/2025\\\/10\\\/anita-e1b700d8.jpeg\",\"meta\":\"NUC Director, Noroff University College\",\"title\":\"Anita Karlsen\"}}]}]}]}]}],\"version\":\"3.0.25\"} --><\/p>\n","protected":false},"excerpt":{"rendered":"<p>Leadership and Board Frode T. Ugland CEO, Techpoint Send e-post +47 480 32 280 May Snemyr Falkgjerdet Branch Manager, DNB Margit Unander EVP Public Relations, \u00c5 Energi J\u00f8ran B\u00f8ch CEO, Egde Consulting Randi Granvold CEO, Strommes24 \/ Chair Techpoint Send e-post Anita Karlsen NUC Director, Noroff University College<\/p>\n","protected":false},"author":1,"featured_media":0,"parent":0,"menu_order":11,"comment_status":"closed","ping_status":"closed","template":"","meta":{"_acf_changed":false,"footnotes":""},"class_list":["post-432","page","type-page","status-publish","hentry"],"acf":[],"yoast_head":"<!-- This site is optimized with the Yoast SEO plugin v27.0 - https:\/\/yoast.com\/product\/yoast-seo-wordpress\/ -->\n<title>Contact - Techpoint 2026 (en)<\/title>\n<meta name=\"description\" content=\"Welcome to Norway\u00b4s Biggest Tech &amp; Business Conference, 17. - 18. september, Kristiansand. Innovation and Value Creation in the Digital Age.\" \/>\n<meta name=\"robots\" content=\"index, follow, max-snippet:-1, max-image-preview:large, max-video-preview:-1\" \/>\n<link rel=\"canonical\" href=\"https:\/\/techpointconference.no\/en\/contact\/\" \/>\n<meta property=\"og:locale\" content=\"en_GB\" \/>\n<meta property=\"og:type\" content=\"article\" \/>\n<meta property=\"og:title\" content=\"Contact - Techpoint 2026 (en)\" \/>\n<meta property=\"og:description\" content=\"Welcome to Norway\u00b4s Biggest Tech &amp; Business Conference, 17. - 18. september, Kristiansand. Innovation and Value Creation in the Digital Age.\" \/>\n<meta property=\"og:url\" content=\"https:\/\/techpointconference.no\/en\/contact\/\" \/>\n<meta property=\"og:site_name\" content=\"Techpoint 2026 (en)\" \/>\n<meta property=\"article:modified_time\" content=\"2026-01-27T11:48:20+00:00\" \/>\n<meta property=\"og:image\" content=\"https:\/\/techpointconference.no\/en\/wp-content\/uploads\/sites\/2\/2023\/08\/TP-fb_event_banner-1920x1080-2-scaled.jpg\" \/>\n\t<meta property=\"og:image:width\" content=\"2560\" \/>\n\t<meta property=\"og:image:height\" content=\"1440\" \/>\n\t<meta property=\"og:image:type\" content=\"image\/jpeg\" \/>\n<meta name=\"twitter:card\" content=\"summary_large_image\" \/>\n<meta name=\"twitter:image\" content=\"https:\/\/techpointconference.no\/en\/wp-content\/uploads\/sites\/2\/2023\/08\/TP-fb_event_banner-1920x1080-2-scaled.jpg\" \/>\n<meta name=\"twitter:label1\" content=\"Estimated reading time\" \/>\n\t<meta name=\"twitter:data1\" content=\"2 minutes\" \/>\n<script type=\"application\/ld+json\" class=\"yoast-schema-graph\">{\"@context\":\"https:\/\/schema.org\",\"@graph\":[{\"@type\":\"WebPage\",\"@id\":\"https:\/\/techpointconference.no\/en\/contact\/\",\"url\":\"https:\/\/techpointconference.no\/en\/contact\/\",\"name\":\"Contact - Techpoint 2026 (en)\",\"isPartOf\":{\"@id\":\"https:\/\/techpointconference.no\/en\/#website\"},\"datePublished\":\"2022-12-21T10:23:31+00:00\",\"dateModified\":\"2026-01-27T11:48:20+00:00\",\"description\":\"Welcome to Norway\u00b4s Biggest Tech & Business Conference, 17. - 18. september, Kristiansand. Innovation and Value Creation in the Digital Age.\",\"breadcrumb\":{\"@id\":\"https:\/\/techpointconference.no\/en\/contact\/#breadcrumb\"},\"inLanguage\":\"en-GB\",\"potentialAction\":[{\"@type\":\"ReadAction\",\"target\":[\"https:\/\/techpointconference.no\/en\/contact\/\"]}]},{\"@type\":\"BreadcrumbList\",\"@id\":\"https:\/\/techpointconference.no\/en\/contact\/#breadcrumb\",\"itemListElement\":[{\"@type\":\"ListItem\",\"position\":1,\"name\":\"Hjem\",\"item\":\"https:\/\/techpointconference.no\/en\/\"},{\"@type\":\"ListItem\",\"position\":2,\"name\":\"Contact\"}]},{\"@type\":\"WebSite\",\"@id\":\"https:\/\/techpointconference.no\/en\/#website\",\"url\":\"https:\/\/techpointconference.no\/en\/\",\"name\":\"Techpoint 2026\",\"description\":\"Norway\u00b4s leading Tech &amp; Business Conference\",\"potentialAction\":[{\"@type\":\"SearchAction\",\"target\":{\"@type\":\"EntryPoint\",\"urlTemplate\":\"https:\/\/techpointconference.no\/en\/?s={search_term_string}\"},\"query-input\":{\"@type\":\"PropertyValueSpecification\",\"valueRequired\":true,\"valueName\":\"search_term_string\"}}],\"inLanguage\":\"en-GB\"}]}<\/script>\n<!-- \/ Yoast SEO plugin. -->","yoast_head_json":{"title":"Contact - Techpoint 2026 (en)","description":"Welcome to Norway\u00b4s Biggest Tech & Business Conference, 17. - 18. september, Kristiansand. Innovation and Value Creation in the Digital Age.","robots":{"index":"index","follow":"follow","max-snippet":"max-snippet:-1","max-image-preview":"max-image-preview:large","max-video-preview":"max-video-preview:-1"},"canonical":"https:\/\/techpointconference.no\/en\/contact\/","og_locale":"en_GB","og_type":"article","og_title":"Contact - Techpoint 2026 (en)","og_description":"Welcome to Norway\u00b4s Biggest Tech & Business Conference, 17. - 18. september, Kristiansand. Innovation and Value Creation in the Digital Age.","og_url":"https:\/\/techpointconference.no\/en\/contact\/","og_site_name":"Techpoint 2026 (en)","article_modified_time":"2026-01-27T11:48:20+00:00","og_image":[{"width":2560,"height":1440,"url":"https:\/\/techpointconference.no\/en\/wp-content\/uploads\/sites\/2\/2023\/08\/TP-fb_event_banner-1920x1080-2-scaled.jpg","type":"image\/jpeg"}],"twitter_card":"summary_large_image","twitter_image":"https:\/\/techpointconference.no\/en\/wp-content\/uploads\/sites\/2\/2023\/08\/TP-fb_event_banner-1920x1080-2-scaled.jpg","twitter_misc":{"Estimated reading time":"2 minutes"},"schema":{"@context":"https:\/\/schema.org","@graph":[{"@type":"WebPage","@id":"https:\/\/techpointconference.no\/en\/contact\/","url":"https:\/\/techpointconference.no\/en\/contact\/","name":"Contact - Techpoint 2026 (en)","isPartOf":{"@id":"https:\/\/techpointconference.no\/en\/#website"},"datePublished":"2022-12-21T10:23:31+00:00","dateModified":"2026-01-27T11:48:20+00:00","description":"Welcome to Norway\u00b4s Biggest Tech & Business Conference, 17. - 18. september, Kristiansand. Innovation and Value Creation in the Digital Age.","breadcrumb":{"@id":"https:\/\/techpointconference.no\/en\/contact\/#breadcrumb"},"inLanguage":"en-GB","potentialAction":[{"@type":"ReadAction","target":["https:\/\/techpointconference.no\/en\/contact\/"]}]},{"@type":"BreadcrumbList","@id":"https:\/\/techpointconference.no\/en\/contact\/#breadcrumb","itemListElement":[{"@type":"ListItem","position":1,"name":"Hjem","item":"https:\/\/techpointconference.no\/en\/"},{"@type":"ListItem","position":2,"name":"Contact"}]},{"@type":"WebSite","@id":"https:\/\/techpointconference.no\/en\/#website","url":"https:\/\/techpointconference.no\/en\/","name":"Techpoint 2026","description":"Norway\u00b4s leading Tech &amp; Business Conference","potentialAction":[{"@type":"SearchAction","target":{"@type":"EntryPoint","urlTemplate":"https:\/\/techpointconference.no\/en\/?s={search_term_string}"},"query-input":{"@type":"PropertyValueSpecification","valueRequired":true,"valueName":"search_term_string"}}],"inLanguage":"en-GB"}]}},"_links":{"self":[{"href":"https:\/\/techpointconference.no\/en\/wp-json\/wp\/v2\/pages\/432","targetHints":{"allow":["GET"]}}],"collection":[{"href":"https:\/\/techpointconference.no\/en\/wp-json\/wp\/v2\/pages"}],"about":[{"href":"https:\/\/techpointconference.no\/en\/wp-json\/wp\/v2\/types\/page"}],"author":[{"embeddable":true,"href":"https:\/\/techpointconference.no\/en\/wp-json\/wp\/v2\/users\/1"}],"replies":[{"embeddable":true,"href":"https:\/\/techpointconference.no\/en\/wp-json\/wp\/v2\/comments?post=432"}],"version-history":[{"count":103,"href":"https:\/\/techpointconference.no\/en\/wp-json\/wp\/v2\/pages\/432\/revisions"}],"predecessor-version":[{"id":7345,"href":"https:\/\/techpointconference.no\/en\/wp-json\/wp\/v2\/pages\/432\/revisions\/7345"}],"wp:attachment":[{"href":"https:\/\/techpointconference.no\/en\/wp-json\/wp\/v2\/media?parent=432"}],"curies":[{"name":"wp","href":"https:\/\/api.w.org\/{rel}","templated":true}]}}